{"id":9512,"date":"2023-03-13T08:54:52","date_gmt":"2023-03-13T08:54:52","guid":{"rendered":"https:\/\/tiralarcbretagne.fr\/?page_id=9512"},"modified":"2023-03-13T10:24:04","modified_gmt":"2023-03-13T10:24:04","slug":"bienvenue-sur-le-site-du-comite-regional-de-bretagne-de-tir-a-larc-new","status":"publish","type":"page","link":"https:\/\/tiralarcbretagne.fr\/","title":{"rendered":"Bienvenue sur le site du comit\u00e9 r\u00e9gional de Bretagne de tir \u00e0 l&rsquo;arc"},"content":{"rendered":"","protected":false},"excerpt":{"rendered":"","protected":false},"author":1,"featured_media":0,"parent":0,"menu_order":0,"comment_status":"closed","ping_status":"closed","template":"","meta":{"footnotes":""},"class_list":["post-9512","page","type-page","status-publish","hentry"],"_links":{"self":[{"href":"https:\/\/tiralarcbretagne.fr\/index.php?rest_route=\/wp\/v2\/pages\/9512","targetHints":{"allow":["GET"]}}],"collection":[{"href":"https:\/\/tiralarcbretagne.fr\/index.php?rest_route=\/wp\/v2\/pages"}],"about":[{"href":"https:\/\/tiralarcbretagne.fr\/index.php?rest_route=\/wp\/v2\/types\/page"}],"author":[{"embeddable":true,"href":"https:\/\/tiralarcbretagne.fr\/index.php?rest_route=\/wp\/v2\/users\/1"}],"replies":[{"embeddable":true,"href":"https:\/\/tiralarcbretagne.fr\/index.php?rest_route=%2Fwp%2Fv2%2Fcomments&post=9512"}],"version-history":[{"count":3,"href":"https:\/\/tiralarcbretagne.fr\/index.php?rest_route=\/wp\/v2\/pages\/9512\/revisions"}],"predecessor-version":[{"id":9551,"href":"https:\/\/tiralarcbretagne.fr\/index.php?rest_route=\/wp\/v2\/pages\/9512\/revisions\/9551"}],"wp:attachment":[{"href":"https:\/\/tiralarcbretagne.fr\/index.php?rest_route=%2Fwp%2Fv2%2Fmedia&parent=9512"}],"curies":[{"name":"wp","href":"https:\/\/api.w.org\/{rel}","templated":true}]}}