{"id":720,"date":"2020-11-30T18:01:00","date_gmt":"2020-11-30T18:01:00","guid":{"rendered":"https:\/\/wordpress.archers-des-avens.fr\/?page_id=80"},"modified":"2021-04-13T08:54:07","modified_gmt":"2021-04-13T08:54:07","slug":"campagne-2020","status":"publish","type":"page","link":"https:\/\/tiralarcbretagne.fr\/?page_id=720","title":{"rendered":"Concours CAMPAGNE 2020"},"content":{"rendered":"<h2 id=\"tablepress-303-name\" class=\"tablepress-table-name tablepress-table-name-id-303\">Concours CAMPAGNE 2020<\/h2>\n\n<table id=\"tablepress-303\" class=\"tablepress tablepress-id-303 tbody-has-connected-cells\" aria-labelledby=\"tablepress-303-name\">\n<thead>\n<tr class=\"row-1\">\n\t<th class=\"column-1\">Date<\/th><th class=\"column-2\">Lieu<\/th><th class=\"column-3\">Mandat<\/th><th class=\"column-4\">Individuel<\/th><th class=\"column-5\">Equipes<\/th><th class=\"column-6\">Autres tirs<\/th>\n<\/tr>\n<\/thead>\n<tbody>\n<tr class=\"row-2\">\n\t<td colspan=\"6\" class=\"column-1\"><DIV class=\"tdAnnule\" align=\"CENTER\"><B>COVID 19 - Tous les concours ont \u00e9t\u00e9 annul\u00e9s<\/B><\/DIV><\/td>\n<\/tr>\n<\/tbody>\n<\/table>\n<!-- #tablepress-303 from cache -->\n","protected":false},"excerpt":{"rendered":"","protected":false},"author":1,"featured_media":0,"parent":231,"menu_order":0,"comment_status":"closed","ping_status":"closed","template":"","meta":{"footnotes":""},"class_list":["post-720","page","type-page","status-publish","hentry"],"_links":{"self":[{"href":"https:\/\/tiralarcbretagne.fr\/index.php?rest_route=\/wp\/v2\/pages\/720","targetHints":{"allow":["GET"]}}],"collection":[{"href":"https:\/\/tiralarcbretagne.fr\/index.php?rest_route=\/wp\/v2\/pages"}],"about":[{"href":"https:\/\/tiralarcbretagne.fr\/index.php?rest_route=\/wp\/v2\/types\/page"}],"author":[{"embeddable":true,"href":"https:\/\/tiralarcbretagne.fr\/index.php?rest_route=\/wp\/v2\/users\/1"}],"replies":[{"embeddable":true,"href":"https:\/\/tiralarcbretagne.fr\/index.php?rest_route=%2Fwp%2Fv2%2Fcomments&post=720"}],"version-history":[{"count":4,"href":"https:\/\/tiralarcbretagne.fr\/index.php?rest_route=\/wp\/v2\/pages\/720\/revisions"}],"predecessor-version":[{"id":3769,"href":"https:\/\/tiralarcbretagne.fr\/index.php?rest_route=\/wp\/v2\/pages\/720\/revisions\/3769"}],"up":[{"embeddable":true,"href":"https:\/\/tiralarcbretagne.fr\/index.php?rest_route=\/wp\/v2\/pages\/231"}],"wp:attachment":[{"href":"https:\/\/tiralarcbretagne.fr\/index.php?rest_route=%2Fwp%2Fv2%2Fmedia&parent=720"}],"curies":[{"name":"wp","href":"https:\/\/api.w.org\/{rel}","templated":true}]}}