{"id":717,"date":"2020-11-28T17:55:54","date_gmt":"2020-11-28T17:55:54","guid":{"rendered":"https:\/\/wordpress.archers-des-avens.fr\/?page_id=30"},"modified":"2023-03-13T11:51:12","modified_gmt":"2023-03-13T11:51:12","slug":"espace-arbitres","status":"publish","type":"page","link":"https:\/\/tiralarcbretagne.fr\/?page_id=717","title":{"rendered":"Espace arbitres"},"content":{"rendered":"\n<figure class=\"wp-block-image size-large\"><img loading=\"lazy\" decoding=\"async\" width=\"300\" height=\"85\" src=\"https:\/\/tiralarcbretagne.fr\/wp-content\/uploads\/2020\/12\/Espace-arbitres.jpg\" alt=\"\" class=\"wp-image-317\"\/><\/figure>\n\n\n\n<p><span style=\"color: #0000ff;\"><strong>Marie-Pierre ROGUE &#8211; PCRA<\/strong><\/span><\/p>\n\n\n\n<hr class=\"wp-block-separator has-text-color has-css-opacity has-background is-style-wide\" style=\"background-color:#0a19e8;color:#0a19e8\"\/>\n\n\n\n<div class=\"wp-block-buttons is-horizontal is-content-justification-center is-layout-flex wp-container-core-buttons-is-layout-499968f5 wp-block-buttons-is-layout-flex\">\n<div class=\"wp-block-button\"><a class=\"wp-block-button__link has-text-color has-background wp-element-button\" href=\"https:\/\/tiralarcbretagne.fr\/?page_id=397\" style=\"border-radius:50px;color:#fffffa;background:linear-gradient(135deg,rgb(135,9,53) 0%,rgb(179,22,22) 100%)\">Calendriers<\/a><\/div>\n\n\n\n<div class=\"wp-block-button\"><a class=\"wp-block-button__link has-text-color has-background wp-element-button\" href=\"https:\/\/tiralarcbretagne.fr\/?page_id=399\" style=\"border-radius:50px;color:#fffffa;background:linear-gradient(317deg,rgb(135,9,53) 0%,rgb(179,22,22) 100%)\">Documents<\/a><\/div>\n\n\n\n<div class=\"wp-block-button\"><a class=\"wp-block-button__link has-text-color has-background wp-element-button\" href=\"https:\/\/tiralarcbretagne.fr\/?page_id=518\" style=\"border-radius:50px;color:#fffffa;background:linear-gradient(42deg,rgb(135,9,53) 0%,rgb(179,22,22) 100%)\">Outils<\/a><\/div>\n<\/div>\n\n\n\n<hr class=\"wp-block-separator has-text-color has-css-opacity has-background is-style-wide\" style=\"background-color:#0a19e8;color:#0a19e8\"\/>\n\n\n\n<h3 style=\"text-align: center;\"><span style=\"color: #0000ff;\"><strong>LES MANDATS<\/strong><\/span><\/h3>\n\n\n\n<p class=\"Default\">Pour la bonne information de tous, et particuli\u00e8rement des arbitres, les invitations (mandats) doivent comporter :<\/p>\n<ul style=\"list-style-type: disc;\">\n<li class=\"Default\">l&rsquo;heure d&rsquo;ouverture du greffe ;<\/li>\n<li class=\"Default\">l&rsquo;heure de l&rsquo;inspection du mat\u00e9riel, de l&rsquo;entra\u00eenement, du d\u00e9but des tirs ;<\/li>\n<li class=\"Default\">la forme de l&rsquo;entra\u00eenement (vol\u00e9es d&rsquo;essai ou <a id=\"_Hlk534533310\" name=\"_Hlk534533310\"><\/a>20 \u00e0 45 minutes) pour la salle et 20 \u00e0 45 minutes pour le Tir \u00e0 l&rsquo;Arc Ext\u00e9rieur<\/li>\n<li class=\"Default\">la forme du concours :\n<ul>\n<li>\u00c9preuve 1440;<\/li>\n<li>Tir \u00e0 l&rsquo;Arc Ext\u00e9rieur avec finales ou non pour la discipline internationale (indiquer les regroupements propos\u00e9s);<\/li>\n<li>Tir en Salle 2x18m et \/ou 2x25m avec finales ou non (indiquer les regroupements propos\u00e9s) ;<\/li>\n<li>Tir en Campagne : nombre de cibles, distances connues et \/ ou distances inconnues ;<\/li>\n<li>Tir Nature et 3D : nombre de cibles ;<\/li>\n<\/ul>\n<\/li>\n<li>les blasons utilis\u00e9s;<\/li>\n<li class=\"Default\">la tenue exig\u00e9e.<\/li>\n<\/ul>\n\n\n\n<hr class=\"wp-block-separator has-text-color has-css-opacity has-background is-style-wide\" style=\"background-color:#0a19e8;color:#0a19e8\"\/>\n\n\n\n<h3 style=\"text-align: center;\"><span style=\"color: #0000ff;\"><strong><a id=\"tirSalle\"><\/a>Tir en SALLE<\/strong><\/span><\/h3>\n\n\n\n<div class=\"wp-block-buttons is-horizontal is-content-justification-center is-layout-flex wp-container-core-buttons-is-layout-499968f5 wp-block-buttons-is-layout-flex\">\n<div class=\"wp-block-button\" id=\"categoriesSalle\"><a class=\"wp-block-button__link has-text-color has-background wp-element-button\" href=\"https:\/\/tiralarcbretagne.fr\/?page_id=527\" style=\"border-radius:50px;color:#fffffa;background:linear-gradient(135deg,rgb(135,9,53) 0%,rgb(179,22,22) 100%)\">Cat\u00e9gories<\/a><\/div>\n\n\n\n<div class=\"wp-block-button\"><a class=\"wp-block-button__link has-text-color has-background wp-element-button\" href=\"https:\/\/tiralarcbretagne.fr\/?page_id=541\" style=\"border-radius:50px;color:#fffffa;background:linear-gradient(317deg,rgb(135,9,53) 0%,rgb(179,22,22) 100%)\">Blasons<\/a><\/div>\n\n\n\n<div class=\"wp-block-button\"><a class=\"wp-block-button__link has-text-color has-background wp-element-button\" href=\"https:\/\/tiralarcbretagne.fr\/?page_id=575\" style=\"border-radius:50px;color:#fffffa;background:linear-gradient(42deg,rgb(135,9,53) 0%,rgb(179,22,22) 100%)\">Equipes<\/a><\/div>\n<\/div>\n\n\n\n<hr class=\"wp-block-separator has-text-color has-css-opacity has-background is-style-wide\" style=\"background-color:#0a19e8;color:#0a19e8\"\/>\n\n\n\n<h3 style=\"text-align: center;\"><span style=\"color: #0000ff;\"><strong><a id=\"tirTAE\"><\/a>Tir \u00e0 l&rsquo;Arc Ext\u00e9rieur<\/strong><\/span><\/h3>\n\n\n\n<table>\n\t<tbody><tr>\n\t  <td rowspan=\"4\" style=\"font-weight:bold;\">Disciplines<br>Internationales<\/td>\n\t  <td rowspan=\"2\" style=\"background-color:#00FFFF;font-weight:bold;\">Arc classique<\/td>\n\t  <td style=\"text-align:left;background-color:#00FFFF;\">U13, U15, U18, U21, S\u00e9niors 1, S\u00e9niors 2 et S\u00e9niors 3<\/td>\n  <\/tr>\n\t<tr>\n\t  <td style=\"text-align:left;background-color:#00FFFF;\">Scratch ( U18, U21, S\u00e9niors 1, S\u00e9niors 2 et S\u00e9niors 3)<\/td>\n  <\/tr>\n\t<tr style=\"background-color:#99FF99;\">\n\t\t<td rowspan=\"2\" style=\"font-weight:bold;\">Arc \u00e0 poulies<\/td>\n\t\t<td style=\"text-align:left;\">U18, U21, S\u00e9niors 1, S\u00e9niors 2 et S\u00e9niors 3<\/td>\n\t<\/tr>\n\t<tr>\n\t\t<td style=\"text-align:left;background-color:#99FF99;\">Scratch ( U18, U21, S\u00e9niors 1, S\u00e9niors 2 et S\u00e9niors 3)<\/td>\n\t<\/tr>\n\t<tr>\n\t  <td rowspan=\"3\" style=\"font-weight:bold;\">Disciplines<br>Nationales<\/td>\n\t  <td style=\"background-color:#00FFFF;font-weight:bold;\">Arc classique<\/td>\n\t  <td style=\"text-align:left;background-color:#00FFFF;\">U21, S\u00e9niors 1, S\u00e9niors 2 et S\u00e9niors 3<\/td>\n  <\/tr>\n\t<tr style=\"background-color:#99FF99;\">\n\t  <td rowspan=\"2\" style=\"font-weight:bold;\">Arc \u00e0 poulies<\/td>\n\t  <td style=\"text-align:left;\">U21, S\u00e9niors 1, S\u00e9niors 2 et S\u00e9niors 3<\/td>\n  <\/tr>\n<\/tbody><\/table>\n\n\n\n<hr class=\"wp-block-separator has-text-color has-css-opacity has-background is-style-wide\" style=\"background-color:#0a19e8;color:#0a19e8\"\/>\n\n\n\n<h3 style=\"text-align: center;\"><span style=\"color: #0000ff;\"><strong><a id=\"tirCAMPAGNE\"><\/a>Tir en CAMPAGNE<\/strong><\/span><\/h3>\n\n\n\n<table>\n\t<tbody><tr style=\"background-color:#99FF99;\">\n\t  <td style=\"font-weight:bold;\">Arc classique<\/td>\n\t  <td style=\"text-align:left;\">U13, U15, U18, U21, S\u00e9niors 1, S\u00e9niors 2 et S\u00e9niors 3<\/td>\n  <\/tr>\n\t<tr style=\"background-color:#00FFFF;\">\n\t  <td style=\"font-weight:bold;\">Arc \u00e0 poulies<\/td>\n\t  <td style=\"text-align:left;\">U18, U21, S\u00e9niors 1, S\u00e9niors 2 et S\u00e9niors 3<\/td>\n  <\/tr>\n\t<tr style=\"background-color:#99FF99;\">\n\t\t<td style=\"font-weight:bold;\">Arc nu <\/td>\n\t\t<td style=\"text-align:left;\">U18(U15 et U18), U21, S\u00e9niors 1, S\u00e9niors 2 et S\u00e9niors 3<\/td>\n\t<\/tr>\n<\/tbody><\/table>\n\n\n\n<hr class=\"wp-block-separator has-text-color has-css-opacity has-background is-style-wide\" style=\"background-color:#0a19e8;color:#0a19e8\"\/>\n\n\n\n<h3 style=\"text-align: center;\"><span style=\"color: #0000ff;\"><strong>Message au PCRA<\/strong><\/span><\/h3>\n\n\n<div class=\"wpforms-container wpforms-container-full wpforms-block\" id=\"wpforms-1055\"><form id=\"wpforms-form-1055\" class=\"wpforms-validate wpforms-form\" data-formid=\"1055\" method=\"post\" enctype=\"multipart\/form-data\" action=\"\/index.php?rest_route=%2Fwp%2Fv2%2Fpages%2F717\" data-token=\"2242b832540a8a2138b36155e5ed96c1\" data-token-time=\"1776503113\"><noscript class=\"wpforms-error-noscript\">Veuillez activer JavaScript dans votre navigateur pour remplir ce formulaire.<\/noscript><div class=\"wpforms-field-container\"><div id=\"wpforms-1055-field_0-container\" class=\"wpforms-field wpforms-field-name\" data-field-id=\"0\"><label class=\"wpforms-field-label\">Nom <span class=\"wpforms-required-label\">*<\/span><\/label><div class=\"wpforms-field-row wpforms-field-medium\"><div class=\"wpforms-field-row-block wpforms-first wpforms-one-half\"><input type=\"text\" id=\"wpforms-1055-field_0\" class=\"wpforms-field-name-first wpforms-field-required\" name=\"wpforms[fields][0][first]\" required><label for=\"wpforms-1055-field_0\" class=\"wpforms-field-sublabel after\">Pr\u00e9nom<\/label><\/div><div class=\"wpforms-field-row-block wpforms-one-half\"><input type=\"text\" id=\"wpforms-1055-field_0-last\" class=\"wpforms-field-name-last wpforms-field-required\" name=\"wpforms[fields][0][last]\" required><label for=\"wpforms-1055-field_0-last\" class=\"wpforms-field-sublabel after\">Nom<\/label><\/div><\/div><\/div><div id=\"wpforms-1055-field_1-container\" class=\"wpforms-field wpforms-field-email\" data-field-id=\"1\"><label class=\"wpforms-field-label\" for=\"wpforms-1055-field_1\">E-mail <span class=\"wpforms-required-label\">*<\/span><\/label><input type=\"email\" id=\"wpforms-1055-field_1\" class=\"wpforms-field-medium wpforms-field-required\" name=\"wpforms[fields][1]\" spellcheck=\"false\" required><\/div><div id=\"wpforms-1055-field_2-container\" class=\"wpforms-field wpforms-field-textarea\" data-field-id=\"2\"><label class=\"wpforms-field-label\" for=\"wpforms-1055-field_2\">Message <span class=\"wpforms-required-label\">*<\/span><\/label><textarea id=\"wpforms-1055-field_2\" class=\"wpforms-field-medium wpforms-field-required\" name=\"wpforms[fields][2]\" required><\/textarea><\/div><\/div><!-- .wpforms-field-container --><div class=\"wpforms-submit-container\" ><input type=\"hidden\" name=\"wpforms[id]\" value=\"1055\"><input type=\"hidden\" name=\"page_title\" value=\"\"><input type=\"hidden\" name=\"page_url\" value=\"https:\/\/tiralarcbretagne.fr\/index.php?rest_route=\/wp\/v2\/pages\/717\"><input type=\"hidden\" name=\"url_referer\" value=\"\"><button type=\"submit\" name=\"wpforms[submit]\" id=\"wpforms-submit-1055\" class=\"wpforms-submit\" data-alt-text=\"Envoi...\" data-submit-text=\"Envoyer\" aria-live=\"assertive\" value=\"wpforms-submit\">Envoyer<\/button><\/div><\/form><\/div>  <!-- .wpforms-container -->","protected":false},"excerpt":{"rendered":"<p>Marie-Pierre ROGUE &#8211; PCRA LES MANDATS Pour la bonne information de tous, et particuli\u00e8rement des arbitres, les invitations (mandats) doivent comporter : l&rsquo;heure d&rsquo;ouverture du greffe ; l&rsquo;heure de l&rsquo;inspection du mat\u00e9riel, de l&rsquo;entra\u00eenement,&#46;&#46;&#46;<\/p>\n","protected":false},"author":1,"featured_media":0,"parent":9512,"menu_order":3,"comment_status":"closed","ping_status":"closed","template":"","meta":{"footnotes":""},"class_list":["post-717","page","type-page","status-publish","hentry"],"_links":{"self":[{"href":"https:\/\/tiralarcbretagne.fr\/index.php?rest_route=\/wp\/v2\/pages\/717","targetHints":{"allow":["GET"]}}],"collection":[{"href":"https:\/\/tiralarcbretagne.fr\/index.php?rest_route=\/wp\/v2\/pages"}],"about":[{"href":"https:\/\/tiralarcbretagne.fr\/index.php?rest_route=\/wp\/v2\/types\/page"}],"author":[{"embeddable":true,"href":"https:\/\/tiralarcbretagne.fr\/index.php?rest_route=\/wp\/v2\/users\/1"}],"replies":[{"embeddable":true,"href":"https:\/\/tiralarcbretagne.fr\/index.php?rest_route=%2Fwp%2Fv2%2Fcomments&post=717"}],"version-history":[{"count":15,"href":"https:\/\/tiralarcbretagne.fr\/index.php?rest_route=\/wp\/v2\/pages\/717\/revisions"}],"predecessor-version":[{"id":9473,"href":"https:\/\/tiralarcbretagne.fr\/index.php?rest_route=\/wp\/v2\/pages\/717\/revisions\/9473"}],"up":[{"embeddable":true,"href":"https:\/\/tiralarcbretagne.fr\/index.php?rest_route=\/wp\/v2\/pages\/9512"}],"wp:attachment":[{"href":"https:\/\/tiralarcbretagne.fr\/index.php?rest_route=%2Fwp%2Fv2%2Fmedia&parent=717"}],"curies":[{"name":"wp","href":"https:\/\/api.w.org\/{rel}","templated":true}]}}