{"id":716,"date":"2020-11-28T17:55:13","date_gmt":"2020-11-28T17:55:13","guid":{"rendered":"https:\/\/wordpress.archers-des-avens.fr\/?page_id=28"},"modified":"2023-04-04T10:58:42","modified_gmt":"2023-04-04T10:58:42","slug":"gestion-des-concours","status":"publish","type":"page","link":"https:\/\/tiralarcbretagne.fr\/?page_id=716","title":{"rendered":"Gestion des concours"},"content":{"rendered":"\n<h2 class=\"wp-block-preformatted\"><strong><span style=\"color: #0000ff;\">Proc\u00e9dure d&rsquo;envoi des r\u00e9sultats<\/span><\/strong><\/h2>\n<p>Les r\u00e9sultats (individuels, \u00e9quipes et autres tirs) seront envoy\u00e9s au format PDF au plus vite d\u00e8s la fin de la comp\u00e9tition. Les destinataires des envois sont :<\/p>\n<ul style=\"list-style-type: disc;\">\n<li>Jean-Pierre LALOUER &#8211; jp@lalouer.fr<\/li>\n<li>Marie-Pierre ROGUE &#8211; mariepierre.rogue@orange.fr<\/li>\n<li>Pierrick LEPARC &#8211; leparcpierrick@aol.com<\/li>\n<li>Fr\u00e9d\u00e9ric MICHEL &#8211; frederic.michel@archers-des-avens.fr<\/li>\n<\/ul>\n<p>Faire parvenir le fichier \u00ab\u00a0txt\u00a0\u00bb de R\u00e9sult&rsquo;arc par l&rsquo;Espace Dirigeant \u00e0 la FFTA.<\/p>\n<p><img loading=\"lazy\" decoding=\"async\" class=\"size-medium wp-image-358 aligncenter\" src=\"https:\/\/tiralarcbretagne.fr\/wp-content\/uploads\/2020\/12\/Result-Arc-Fichier-FFTA-300x240.png\" alt=\"\" width=\"300\" height=\"240\" srcset=\"https:\/\/tiralarcbretagne.fr\/wp-content\/uploads\/2020\/12\/Result-Arc-Fichier-FFTA-300x240.png 300w, https:\/\/tiralarcbretagne.fr\/wp-content\/uploads\/2020\/12\/Result-Arc-Fichier-FFTA.png 413w\" sizes=\"auto, (max-width: 300px) 100vw, 300px\" \/><\/p>\n<h2 class=\"wp-block-preformatted\"><strong><span style=\"color: #0000ff;\">Proc\u00e9dure d&rsquo;envoi des mandats<\/span><\/strong><\/h2>\n<p>Les mandats sont \u00e0 envoyer aux personnes suivantes :<\/p>\n<ul>\n<li>Fr\u00e9d\u00e9ric MICHEL &#8211; frederic.michel@archers-des-avens.fr<\/li>\n<li>Aux arbitres de la comp\u00e9tition<\/li>\n<\/ul>\n<h2 class=\"wp-block-preformatted\"><span style=\"color: #0000ff;\"><strong>Inscription d&rsquo;une comp\u00e9tition au calendrier FFTA<\/strong><\/span><\/h2>\n<p>Vous trouverez une notice d&rsquo;explications en cliquant <a href=\"https:\/\/tiralarcbretagne.fr\/wp-content\/uploads\/2023\/04\/Notice-Calendrier-sportif.pdf\" target=\"_blank\" rel=\"noopener\">ici<\/a>.<\/p>\n<h2 class=\"wp-block-preformatted\"><strong><span style=\"color: #0000ff;\">Comment enregistrer le score d&rsquo;un archer para dans Result&rsquo;Arc<\/span><\/strong><\/h2>\n<p>Lorsqu\u2019un archer Para s\u2019engage sur un concours, si sa classification (FEDERAL ou OPEN) lui permet de tirer \u00e0 18m blason 40 (ou sur tripots) alors, vous devez l\u2019enregistrer sur votre concours \u00ab\u00a0Tir \u00e0 18m\u00a0\u00bb. Son score sera alors affect\u00e9 sur le <strong>classement National Tir \u00e0 18m<\/strong> <span style=\"color: #ff0000;\"><strong>et<\/strong><\/span> sur le <strong>classement National Para-tir en Salle<\/strong>.<\/p>\n<p>Si sa classification ne lui permet pas de tirer aux distances des valides alors, vous devez l\u2019enregistrer sur votre concours \u00ab\u00a0Para-tir \u00e0 l\u2019arc en salle\u00a0\u00bb. Son score sera alors affect\u00e9 sur le <strong>classement Para-tir en Salle <\/strong>uniquement.<\/p>\n<p><strong>\u00a0<\/strong><strong>ATTENTION<\/strong>\u00a0: il ne faut pas enregistrer un archer Para \u00a0tirant aux distances des valides sur les 2 comp\u00e9titions (tir \u00e0 18m et Para tir en salle ), son score serait alors en \u00ab\u00a0doublon\u00a0\u00bb sur le classement national Para-tir en salle.<\/p>\n<p>La <strong>classification<\/strong> des archers Para est pr\u00e9sente dans les <strong>ressources<\/strong> de Result\u2019arc (n\u2019h\u00e9sitez pas \u00e0 mettre \u00e0 jour vos ressources r\u00e9guli\u00e8rement).<\/p>\n<p><u>Dans Result\u2019arc\u00a0:<\/u><\/p>\n<p>Lorsque vous \u00eatre dans votre concours <strong>Para tir \u00e0 l\u2019arc en salle<\/strong>\u00a0 \u00ab\u00a0fiche d\u2019engagement\u00a0\u00bb<\/p>\n<ol>\n<li>Recherchez l\u2019archer \u00e0 inscrire, le syst\u00e8me vous affiche les donn\u00e9es li\u00e9es \u00e0 sa classification<\/li>\n<li>Vous devez affecter \u00ab\u00a0<strong>la cat\u00e9gorie de classement\u00a0\u00bb<\/strong> (voir exemple ci-dessous et vous r\u00e9f\u00e9rer au guide joint)<\/li>\n<li>Allez sur \u00a0\u00ab\u00a0saisie r\u00e9sultats\u00a0\u00bb pour enregistrer le score.<\/li>\n<li>Proc\u00e9dez \u00e0 la g\u00e9n\u00e9ration du fichier TXT Para depuis le menu \u00ab\u00a0Post-comp\u00e9tition\u00a0\u00bb \u00ab\u00a0fichier FFTA\u00a0\u00bb<\/li>\n<\/ol>\n<p><img loading=\"lazy\" decoding=\"async\" class=\" wp-image-8744 aligncenter\" src=\"https:\/\/tiralarcbretagne.fr\/wp-content\/uploads\/2022\/12\/ImageGestionConcours-300x143.png\" alt=\"\" width=\"466\" height=\"222\" srcset=\"https:\/\/tiralarcbretagne.fr\/wp-content\/uploads\/2022\/12\/ImageGestionConcours-300x143.png 300w, https:\/\/tiralarcbretagne.fr\/wp-content\/uploads\/2022\/12\/ImageGestionConcours-1024x488.png 1024w, https:\/\/tiralarcbretagne.fr\/wp-content\/uploads\/2022\/12\/ImageGestionConcours-768x366.png 768w, https:\/\/tiralarcbretagne.fr\/wp-content\/uploads\/2022\/12\/ImageGestionConcours.png 1455w\" sizes=\"auto, (max-width: 466px) 100vw, 466px\" \/><\/p>\n<p>Si <strong>aucun archer Para<\/strong> (ne tirant pas aux distances des valides) n\u2019est <strong>inscrit<\/strong> sur votre concours Para-tir \u00e0 l\u2019arc, <strong>adressez un message \u00e0<\/strong> (<a href=\"mailto:m.baroni@ffta.fr\">m.baroni@ffta.fr<\/a>) \u00a0afin de ne pas avoir de relance sur le \u00ab\u00a0non d\u00e9p\u00f4t\u00a0\u00bb de votre fichier TXT.<\/p>\n\n\n\n<div class=\"wp-block-buttons is-content-justification-center is-layout-flex wp-container-core-buttons-is-layout-16018d1d wp-block-buttons-is-layout-flex\">\n<div class=\"wp-block-button is-style-fill\"><a class=\"wp-block-button__link has-white-color has-vivid-purple-background-color has-text-color has-background wp-element-button\" href=\"https:\/\/tiralarcbretagne.fr\/wp-content\/uploads\/2022\/12\/2022-09-15-Guide-competition-para-vers-finale.pdf\" style=\"border-radius:68px\" target=\"_blank\" rel=\"noreferrer noopener\">Organiser une comp\u00e9tition de para-tir \u00e0 l&rsquo;arc en salle<\/a><\/div>\n<\/div>\n","protected":false},"excerpt":{"rendered":"<p>Proc\u00e9dure d&rsquo;envoi des r\u00e9sultats Les r\u00e9sultats (individuels, \u00e9quipes et autres tirs) seront envoy\u00e9s au format PDF au plus vite d\u00e8s la fin de la comp\u00e9tition. Les destinataires des envois sont : Jean-Pierre LALOUER &#8211;&#46;&#46;&#46;<\/p>\n","protected":false},"author":1,"featured_media":0,"parent":9512,"menu_order":1,"comment_status":"closed","ping_status":"closed","template":"","meta":{"footnotes":""},"class_list":["post-716","page","type-page","status-publish","hentry"],"_links":{"self":[{"href":"https:\/\/tiralarcbretagne.fr\/index.php?rest_route=\/wp\/v2\/pages\/716","targetHints":{"allow":["GET"]}}],"collection":[{"href":"https:\/\/tiralarcbretagne.fr\/index.php?rest_route=\/wp\/v2\/pages"}],"about":[{"href":"https:\/\/tiralarcbretagne.fr\/index.php?rest_route=\/wp\/v2\/types\/page"}],"author":[{"embeddable":true,"href":"https:\/\/tiralarcbretagne.fr\/index.php?rest_route=\/wp\/v2\/users\/1"}],"replies":[{"embeddable":true,"href":"https:\/\/tiralarcbretagne.fr\/index.php?rest_route=%2Fwp%2Fv2%2Fcomments&post=716"}],"version-history":[{"count":10,"href":"https:\/\/tiralarcbretagne.fr\/index.php?rest_route=\/wp\/v2\/pages\/716\/revisions"}],"predecessor-version":[{"id":9751,"href":"https:\/\/tiralarcbretagne.fr\/index.php?rest_route=\/wp\/v2\/pages\/716\/revisions\/9751"}],"up":[{"embeddable":true,"href":"https:\/\/tiralarcbretagne.fr\/index.php?rest_route=\/wp\/v2\/pages\/9512"}],"wp:attachment":[{"href":"https:\/\/tiralarcbretagne.fr\/index.php?rest_route=%2Fwp%2Fv2%2Fmedia&parent=716"}],"curies":[{"name":"wp","href":"https:\/\/api.w.org\/{rel}","templated":true}]}}