{"id":5972,"date":"2021-12-22T16:27:10","date_gmt":"2021-12-22T16:27:10","guid":{"rendered":"https:\/\/tiralarcbretagne.fr\/?page_id=5972"},"modified":"2021-12-22T16:27:11","modified_gmt":"2021-12-22T16:27:11","slug":"comite-departemental-des-cotes-darmor","status":"publish","type":"page","link":"https:\/\/tiralarcbretagne.fr\/?page_id=5972","title":{"rendered":"Comit\u00e9 d\u00e9partemental des C\u00f4tes d&rsquo;Armor"},"content":{"rendered":"","protected":false},"excerpt":{"rendered":"","protected":false},"author":1,"featured_media":0,"parent":5962,"menu_order":0,"comment_status":"closed","ping_status":"closed","template":"","meta":{"footnotes":""},"class_list":["post-5972","page","type-page","status-publish","hentry"],"_links":{"self":[{"href":"https:\/\/tiralarcbretagne.fr\/index.php?rest_route=\/wp\/v2\/pages\/5972","targetHints":{"allow":["GET"]}}],"collection":[{"href":"https:\/\/tiralarcbretagne.fr\/index.php?rest_route=\/wp\/v2\/pages"}],"about":[{"href":"https:\/\/tiralarcbretagne.fr\/index.php?rest_route=\/wp\/v2\/types\/page"}],"author":[{"embeddable":true,"href":"https:\/\/tiralarcbretagne.fr\/index.php?rest_route=\/wp\/v2\/users\/1"}],"replies":[{"embeddable":true,"href":"https:\/\/tiralarcbretagne.fr\/index.php?rest_route=%2Fwp%2Fv2%2Fcomments&post=5972"}],"version-history":[{"count":1,"href":"https:\/\/tiralarcbretagne.fr\/index.php?rest_route=\/wp\/v2\/pages\/5972\/revisions"}],"predecessor-version":[{"id":5973,"href":"https:\/\/tiralarcbretagne.fr\/index.php?rest_route=\/wp\/v2\/pages\/5972\/revisions\/5973"}],"up":[{"embeddable":true,"href":"https:\/\/tiralarcbretagne.fr\/index.php?rest_route=\/wp\/v2\/pages\/5962"}],"wp:attachment":[{"href":"https:\/\/tiralarcbretagne.fr\/index.php?rest_route=%2Fwp%2Fv2%2Fmedia&parent=5972"}],"curies":[{"name":"wp","href":"https:\/\/api.w.org\/{rel}","templated":true}]}}