{"id":575,"date":"2020-12-06T16:59:51","date_gmt":"2020-12-06T16:59:51","guid":{"rendered":"https:\/\/wordpress.archers-des-avens.fr\/?page_id=575"},"modified":"2023-03-07T16:25:15","modified_gmt":"2023-03-07T16:25:15","slug":"composition-des-equipes-salle","status":"publish","type":"page","link":"https:\/\/tiralarcbretagne.fr\/?page_id=575","title":{"rendered":"Composition des \u00e9quipes SALLE"},"content":{"rendered":"\n<p><strong>Composition des \u00e9quipes, suivant la fili\u00e8re sportive r\u00e9gionale :<\/strong><\/p>\n<ul>\n<li>Equipes (SHCL, SFCL, SHCO et SFCO) compos\u00e9es de U18, U21, Seniors1, Seniors2 et s\u00e9niors3<\/li>\n<li>Equipes U18\/U21 Gar\u00e7ons (CL et CO)<\/li>\n<li>Equipes U18\/U21 Filles (CL et CO)<\/li>\n<li>Equipes U13\/U15 Mixtes (CL)<\/li>\n<li>Equipes Arc nu scratch Mixtes (U21, Seniors1, Seniors2 et s\u00e9niors3).<\/li>\n<li>Equipes arc nu U18 Mixtes (U15 et U18)<\/li>\n<\/ul>\n<p><strong>Une seule \u00e9quipe par club<\/strong><\/p>\n\n\n\n<div class=\"wp-block-buttons is-content-justification-center is-layout-flex wp-block-buttons-is-layout-flex\">\n<div class=\"wp-block-button\"><a class=\"wp-block-button__link\" href=\"https:\/\/tiralarcbretagne.fr\/bienvenue-sur-https-wordpress-archers-des-avens-fr\/espace-arbitres#TirSalle\">Retour<\/a><\/div>\n<\/div>\n","protected":false},"excerpt":{"rendered":"<p>Composition des \u00e9quipes, suivant la fili\u00e8re sportive r\u00e9gionale : Equipes (SHCL, SFCL, SHCO et SFCO) compos\u00e9es de U18, U21, Seniors1, Seniors2 et s\u00e9niors3 Equipes U18\/U21 Gar\u00e7ons (CL et CO) Equipes U18\/U21 Filles (CL et&#46;&#46;&#46;<\/p>\n","protected":false},"author":1,"featured_media":0,"parent":717,"menu_order":12,"comment_status":"closed","ping_status":"closed","template":"","meta":{"footnotes":""},"class_list":["post-575","page","type-page","status-publish","hentry"],"_links":{"self":[{"href":"https:\/\/tiralarcbretagne.fr\/index.php?rest_route=\/wp\/v2\/pages\/575","targetHints":{"allow":["GET"]}}],"collection":[{"href":"https:\/\/tiralarcbretagne.fr\/index.php?rest_route=\/wp\/v2\/pages"}],"about":[{"href":"https:\/\/tiralarcbretagne.fr\/index.php?rest_route=\/wp\/v2\/types\/page"}],"author":[{"embeddable":true,"href":"https:\/\/tiralarcbretagne.fr\/index.php?rest_route=\/wp\/v2\/users\/1"}],"replies":[{"embeddable":true,"href":"https:\/\/tiralarcbretagne.fr\/index.php?rest_route=%2Fwp%2Fv2%2Fcomments&post=575"}],"version-history":[{"count":2,"href":"https:\/\/tiralarcbretagne.fr\/index.php?rest_route=\/wp\/v2\/pages\/575\/revisions"}],"predecessor-version":[{"id":9469,"href":"https:\/\/tiralarcbretagne.fr\/index.php?rest_route=\/wp\/v2\/pages\/575\/revisions\/9469"}],"up":[{"embeddable":true,"href":"https:\/\/tiralarcbretagne.fr\/index.php?rest_route=\/wp\/v2\/pages\/717"}],"wp:attachment":[{"href":"https:\/\/tiralarcbretagne.fr\/index.php?rest_route=%2Fwp%2Fv2%2Fmedia&parent=575"}],"curies":[{"name":"wp","href":"https:\/\/api.w.org\/{rel}","templated":true}]}}