{"id":541,"date":"2020-12-06T16:00:48","date_gmt":"2020-12-06T16:00:48","guid":{"rendered":"https:\/\/wordpress.archers-des-avens.fr\/?page_id=541"},"modified":"2021-05-15T08:11:21","modified_gmt":"2021-05-15T08:11:21","slug":"les-blasons-salle","status":"publish","type":"page","link":"https:\/\/tiralarcbretagne.fr\/?page_id=541","title":{"rendered":"Les blasons SALLE"},"content":{"rendered":"\n<table>\n\t<tr bgcolor=\"#999999\">\n\t\t<td Style=\"color: #FFFFFF;font-weight: bold;\">ARCS CLASSIQUES<\/td>\n\t\t<td Style=\"color: #000000;font-weight: bold;\">Poussins<\/td>\n\t\t<td Style=\"color: #000000;font-weight: bold;\">Benjamins<br>Minimes<\/td>\n\t\t<td Style=\"color: #000000;font-weight: bold;\">Cadets, Juniors, S\u00e9niors 1<br>S\u00e9niors 2 et S\u00e9niors 3<\/td>\n\t<\/tr>\n\t<tr>\n\t\t<td>18m<\/td>\n\t\t<td>80cm<\/td>\n\t\t<td>60cm<\/td>\n\t\t<td>40cm<\/td>\n\t<\/tr>\n\t<tr>\n\t\t<td>25m<\/td>\n\t\t<td>&nbsp;<\/td>\n\t\t<td>80cm<\/td>\n\t\t<td>60cm<\/td>\n\t<\/tr>\n\t<tr>\n\t\t<td>Blasons<\/td>\n\t\t<td>&nbsp;<\/td>\n\t\t<td>Mono ou trispots<\/td>\n\t\t<td>Mono ou trispots<\/td>\n\t<\/tr>\n\t<\/tbody>\n<\/table>\n\n\n\n<hr class=\"wp-block-separator has-text-color has-background has-vivid-cyan-blue-background-color has-vivid-cyan-blue-color is-style-wide\"\/>\n\n\n\n<table>\n\t<tr bgcolor=\"#999999\">\n\t\t<td Style=\"color: #FFFFFF;font-weight: bold;\">ARCS A POULIES<\/td>\n\t\t<td Style=\"color: #000000;font-weight: bold;\">Cadets, Juniors, S\u00e9niors 1<br>S\u00e9niors 2 et S\u00e9niors 3<\/td>\n\t<\/tr>\n\t<tr>\n\t\t<td>18m<\/td>\n\t\t<td>40cm<\/td>\n\t<\/tr>\n\t<tr>\n\t\t<td>25m<\/td>\n\t\t<td>60cm<\/td>\n\t<\/tr>\n\t<tr>\n\t\t<td>Blasons<\/td>\n\t\t<td>Trispots<\/td>\n\t<\/tr>\n\t<\/tbody>\n<\/table>\n\n\n\n<hr class=\"wp-block-separator has-text-color has-background has-vivid-cyan-blue-background-color has-vivid-cyan-blue-color is-style-wide\"\/>\n\n\n\n<table>\n\t<tr bgcolor=\"#999999\">\n\t\t<td Style=\"color: #FFFFFF;font-weight: bold;\">ARCS NUS<\/td>\n\t\t<td Style=\"color: #000000;font-weight: bold;\">Cadets<br>(Minimes et Cadets)<\/td>\n\t\t<td Style=\"color: #000000;font-weight: bold;\">Scratch<br>(Juniors, S\u00e9niors 1, S\u00e9niors 2 et S\u00e9niors 3)<\/td>\n\t<\/tr>\n\t<tr>\n\t\t<td>18m<\/td>\n\t\t<td>60cm<\/td>\n\t\t<td>40cm<\/td>\n\t<\/tr>\n\t<tr>\n\t\t<td>25m<\/td>\n\t\t<td>80cm<\/td>\n\t\t<td>60cm<\/td>\n\t<\/tr>\n\t<tr>\n\t\t<td>Blasons<\/td>\n\t\t<td>Mono ou trispots<\/td>\n\t\t<td>Mono ou trispots<\/td>\n\t<\/tr>\n\t<\/tbody>\n<\/table>\n\n\n\n<div class=\"wp-block-buttons is-content-justification-center is-layout-flex wp-block-buttons-is-layout-flex\">\n<div class=\"wp-block-button\"><a class=\"wp-block-button__link\" href=\"https:\/\/tiralarcbretagne.fr\/bienvenue-sur-https-wordpress-archers-des-avens-fr\/espace-arbitres#TirSalle\">Retour<\/a><\/div>\n<\/div>\n","protected":false},"excerpt":{"rendered":"<p>ARCS CLASSIQUES Poussins BenjaminsMinimes Cadets, Juniors, S\u00e9niors 1S\u00e9niors 2 et S\u00e9niors 3 18m 80cm 60cm 40cm 25m &nbsp; 80cm 60cm Blasons &nbsp; Mono ou trispots Mono ou trispots ARCS A POULIES Cadets, Juniors, S\u00e9niors&#46;&#46;&#46;<\/p>\n","protected":false},"author":1,"featured_media":0,"parent":717,"menu_order":11,"comment_status":"closed","ping_status":"closed","template":"","meta":{"footnotes":""},"class_list":["post-541","page","type-page","status-publish","hentry"],"_links":{"self":[{"href":"https:\/\/tiralarcbretagne.fr\/index.php?rest_route=\/wp\/v2\/pages\/541","targetHints":{"allow":["GET"]}}],"collection":[{"href":"https:\/\/tiralarcbretagne.fr\/index.php?rest_route=\/wp\/v2\/pages"}],"about":[{"href":"https:\/\/tiralarcbretagne.fr\/index.php?rest_route=\/wp\/v2\/types\/page"}],"author":[{"embeddable":true,"href":"https:\/\/tiralarcbretagne.fr\/index.php?rest_route=\/wp\/v2\/users\/1"}],"replies":[{"embeddable":true,"href":"https:\/\/tiralarcbretagne.fr\/index.php?rest_route=%2Fwp%2Fv2%2Fcomments&post=541"}],"version-history":[{"count":1,"href":"https:\/\/tiralarcbretagne.fr\/index.php?rest_route=\/wp\/v2\/pages\/541\/revisions"}],"predecessor-version":[{"id":1153,"href":"https:\/\/tiralarcbretagne.fr\/index.php?rest_route=\/wp\/v2\/pages\/541\/revisions\/1153"}],"up":[{"embeddable":true,"href":"https:\/\/tiralarcbretagne.fr\/index.php?rest_route=\/wp\/v2\/pages\/717"}],"wp:attachment":[{"href":"https:\/\/tiralarcbretagne.fr\/index.php?rest_route=%2Fwp%2Fv2%2Fmedia&parent=541"}],"curies":[{"name":"wp","href":"https:\/\/api.w.org\/{rel}","templated":true}]}}