{"id":527,"date":"2020-12-06T15:42:38","date_gmt":"2020-12-06T15:42:38","guid":{"rendered":"https:\/\/wordpress.archers-des-avens.fr\/?page_id=527"},"modified":"2023-03-07T16:22:23","modified_gmt":"2023-03-07T16:22:23","slug":"les-categories-salle","status":"publish","type":"page","link":"https:\/\/tiralarcbretagne.fr\/?page_id=527","title":{"rendered":"Les cat\u00e9gories SALLE"},"content":{"rendered":"\n<figure class=\"wp-block-table\"><table class=\"has-background\" style=\"background-color:#e7f5fe\"><thead><tr><th>Armes<\/th><th>Cat\u00e9gories d&rsquo;\u00e2ge<\/th><\/tr><\/thead><tbody><tr><td>Arc classique<\/td><td>U11, U13, U15, U18, U21, S\u00e9niors 1, S\u00e9niors 2 et S\u00e9niors 3<\/td><\/tr><tr><td>Arc \u00e0 poulies<\/td><td>U18, U21, S\u00e9niors 1, S\u00e9niors 2 et S\u00e9niors 3<\/td><\/tr><tr><td>Arc nu (Bare bow)<\/td><td>U18(U15et U18) et Scratch (U21, S\u00e9niors 1, S\u00e9niors 2 et S\u00e9niors 3)<\/td><\/tr><\/tbody><\/table><\/figure>\n\n\n\n<div class=\"wp-block-buttons is-content-justification-center is-layout-flex wp-block-buttons-is-layout-flex\">\n<div class=\"wp-block-button\"><a class=\"wp-block-button__link\" href=\"https:\/\/tiralarcbretagne.fr\/bienvenue-sur-https-wordpress-archers-des-avens-fr\/espace-arbitres#TirSalle\">Retour<\/a><\/div>\n<\/div>\n\n\n\n<p><\/p>\n","protected":false},"excerpt":{"rendered":"<p>Armes Cat\u00e9gories d&rsquo;\u00e2ge Arc classique U11, U13, U15, U18, U21, S\u00e9niors 1, S\u00e9niors 2 et S\u00e9niors 3 Arc \u00e0 poulies U18, U21, S\u00e9niors 1, S\u00e9niors 2 et S\u00e9niors 3 Arc nu (Bare bow) U18(U15et&#46;&#46;&#46;<\/p>\n","protected":false},"author":1,"featured_media":0,"parent":717,"menu_order":10,"comment_status":"closed","ping_status":"closed","template":"","meta":{"footnotes":""},"class_list":["post-527","page","type-page","status-publish","hentry"],"_links":{"self":[{"href":"https:\/\/tiralarcbretagne.fr\/index.php?rest_route=\/wp\/v2\/pages\/527","targetHints":{"allow":["GET"]}}],"collection":[{"href":"https:\/\/tiralarcbretagne.fr\/index.php?rest_route=\/wp\/v2\/pages"}],"about":[{"href":"https:\/\/tiralarcbretagne.fr\/index.php?rest_route=\/wp\/v2\/types\/page"}],"author":[{"embeddable":true,"href":"https:\/\/tiralarcbretagne.fr\/index.php?rest_route=\/wp\/v2\/users\/1"}],"replies":[{"embeddable":true,"href":"https:\/\/tiralarcbretagne.fr\/index.php?rest_route=%2Fwp%2Fv2%2Fcomments&post=527"}],"version-history":[{"count":2,"href":"https:\/\/tiralarcbretagne.fr\/index.php?rest_route=\/wp\/v2\/pages\/527\/revisions"}],"predecessor-version":[{"id":9467,"href":"https:\/\/tiralarcbretagne.fr\/index.php?rest_route=\/wp\/v2\/pages\/527\/revisions\/9467"}],"up":[{"embeddable":true,"href":"https:\/\/tiralarcbretagne.fr\/index.php?rest_route=\/wp\/v2\/pages\/717"}],"wp:attachment":[{"href":"https:\/\/tiralarcbretagne.fr\/index.php?rest_route=%2Fwp%2Fv2%2Fmedia&parent=527"}],"curies":[{"name":"wp","href":"https:\/\/api.w.org\/{rel}","templated":true}]}}