{"id":364,"date":"2020-12-03T19:07:20","date_gmt":"2020-12-03T19:07:20","guid":{"rendered":"https:\/\/wordpress.archers-des-avens.fr\/?page_id=364"},"modified":"2023-10-24T08:51:42","modified_gmt":"2023-10-24T08:51:42","slug":"le-comite-directeur","status":"publish","type":"page","link":"https:\/\/tiralarcbretagne.fr\/?page_id=364","title":{"rendered":"Le comit\u00e9 directeur"},"content":{"rendered":"\n<table id=\"tablepress-1\" class=\"tablepress tablepress-id-1\">\n<thead>\n<tr class=\"row-1\">\n\t<th class=\"column-1\">FONCTION<\/th><th class=\"column-2\">NOM<\/th><th class=\"column-3\">PRENOM<\/th><th class=\"column-4\">E-mail<\/th>\n<\/tr>\n<\/thead>\n<tbody class=\"row-striping\">\n<tr class=\"row-2\">\n\t<td class=\"column-1\">Pr\u00e9sident<\/td><td class=\"column-2\">ROGUE<\/td><td class=\"column-3\">Michel<\/td><td class=\"column-4\"><a href=\"mailto:m.rogue@tiralarcbretagne.fr\"><img loading=\"lazy\" decoding=\"async\" src=\"https:\/\/tiralarcbretagne.fr\/wp-content\/uploads\/2020\/12\/enveloppe-e1607185326256.jpg\" title=\"michel.rogue@orange.fr\" width=\"26\" height=\"15\"\/><\/a><\/td>\n<\/tr>\n<tr class=\"row-3\">\n\t<td class=\"column-1\">Vice-pr\u00e9sident<\/td><td class=\"column-2\">LALOUER<\/td><td class=\"column-3\">Jean-Pierre<\/td><td class=\"column-4\"><a href=\"mailto:jp@lalouer.fr\"><img loading=\"lazy\" decoding=\"async\" src=\"https:\/\/tiralarcbretagne.fr\/wp-content\/uploads\/2020\/12\/enveloppe-e1607185326256.jpg\" title=\"jp@lalouer.fr\" width=\"26\" height=\"15\"\/><\/a><\/td>\n<\/tr>\n<tr class=\"row-4\">\n\t<td class=\"column-1\">Tr\u00e9sori\u00e8re<\/td><td class=\"column-2\">ROGUE<\/td><td class=\"column-3\">Marie-Pierre<\/td><td class=\"column-4\"><a href=\"mailto:marie-pierre.rogue@tiralarcbretagne.fr\"><img loading=\"lazy\" decoding=\"async\" src=\"https:\/\/tiralarcbretagne.fr\/wp-content\/uploads\/2020\/12\/enveloppe-e1607185326256.jpg\" title=\"rogue_mariepierre@orange.fr\" width=\"26\" height=\"15\"\/><\/a><\/td>\n<\/tr>\n<tr class=\"row-5\">\n\t<td class=\"column-1\">Tr\u00e9sori\u00e8re adjointe<\/td><td class=\"column-2\">NECTOUX<\/td><td class=\"column-3\">S\u00e9gol\u00e8ne<\/td><td class=\"column-4\"><a href=\"mailto:sego029@hotmail.fr\"><img loading=\"lazy\" decoding=\"async\" src=\"https:\/\/tiralarcbretagne.fr\/wp-content\/uploads\/2020\/12\/enveloppe-e1607185326256.jpg\" title=\"sego029@hotmail.fr\" width=\"26\" height=\"15\"\/><\/a><\/td>\n<\/tr>\n<tr class=\"row-6\">\n\t<td class=\"column-1\">Secr\u00e9taire g\u00e9n\u00e9rale<\/td><td class=\"column-2\">DAVID<\/td><td class=\"column-3\">Gis\u00e8le<\/td><td class=\"column-4\"><a href=\"mailto:giseledavid.bretagne@gmail.com\"><img loading=\"lazy\" decoding=\"async\" src=\"https:\/\/tiralarcbretagne.fr\/wp-content\/uploads\/2020\/12\/enveloppe-e1607185326256.jpg\" title=\"giseledavid.bretagne@gmail.com\" width=\"26\" height=\"15\"\/><\/a><\/td>\n<\/tr>\n<tr class=\"row-7\">\n\t<td class=\"column-1\">Secr\u00e9taire adjointe<\/td><td class=\"column-2\">DAVID<\/td><td class=\"column-3\">Virginie<\/td><td class=\"column-4\"><a href=\"mailto:virginiedavid.arc.redon@bbox.fr\"><img loading=\"lazy\" decoding=\"async\" src=\"https:\/\/tiralarcbretagne.fr\/wp-content\/uploads\/2020\/12\/enveloppe-e1607185326256.jpg\" title=\"virginiedavid.arc.redon@bbox.fr\" width=\"26\" height=\"15\"\/><\/a><\/td>\n<\/tr>\n<tr class=\"row-8\">\n\t<td class=\"column-1\">CSR<\/td><td class=\"column-2\">LALOUER<\/td><td class=\"column-3\">Jean-Pierre<\/td><td class=\"column-4\"><a href=\"mailto:jp@lalouer.fr\"><img loading=\"lazy\" decoding=\"async\" src=\"https:\/\/tiralarcbretagne.fr\/wp-content\/uploads\/2020\/12\/enveloppe-e1607185326256.jpg\" title=\"jp@lalouer.fr\" width=\"26\" height=\"15\"\/><\/a><\/td>\n<\/tr>\n<tr class=\"row-9\">\n\t<td class=\"column-1\">PCRA<\/td><td class=\"column-2\">ROGUE<\/td><td class=\"column-3\">Marie-Pierre<\/td><td class=\"column-4\"><a href=\"mailto:rogue_mariepierre@orange.fr\"><img loading=\"lazy\" decoding=\"async\" src=\"https:\/\/tiralarcbretagne.fr\/wp-content\/uploads\/2020\/12\/enveloppe-e1607185326256.jpg\" title=\"rogue_mariepierre@orange.fr\" width=\"26\" height=\"15\"\/><\/a><\/td>\n<\/tr>\n<tr class=\"row-10\">\n\t<td class=\"column-1\">R\u00e9f\u00e9rent Labels<\/td><td class=\"column-2\">HOGUIN<\/td><td class=\"column-3\">Lise<\/td><td class=\"column-4\"><a href=\"mailto:hoguin.lise@gmail.com\"><img loading=\"lazy\" decoding=\"async\" src=\"https:\/\/tiralarcbretagne.fr\/wp-content\/uploads\/2020\/12\/enveloppe-e1607185326256.jpg\" title=\"hoguin.lise@gmail.com\" width=\"26\" height=\"15\"\/><\/a><\/td>\n<\/tr>\n<tr class=\"row-11\">\n\t<td class=\"column-1\">Formation<\/td><td class=\"column-2\">ROGUE<\/td><td class=\"column-3\">Michel<\/td><td class=\"column-4\"><a href=\"mailto:m.rogue@tiralarcbretagne.fr\"><img loading=\"lazy\" decoding=\"async\" src=\"https:\/\/tiralarcbretagne.fr\/wp-content\/uploads\/2020\/12\/enveloppe-e1607185326256.jpg\" title=\"michel.rogue@orange.fr\" width=\"26\" height=\"15\"\/><\/a><br \/>\n<\/td>\n<\/tr>\n<tr class=\"row-12\">\n\t<td class=\"column-1\">M\u00e9decin<\/td><td class=\"column-2\">BRIAND<\/td><td class=\"column-3\">Yann<\/td><td class=\"column-4\"><a href=\"mailto:yannpbriand@gmail.com\"><img loading=\"lazy\" decoding=\"async\" src=\"https:\/\/tiralarcbretagne.fr\/wp-content\/uploads\/2020\/12\/enveloppe-e1607185326256.jpg\" title=\"yannpbriand@gmail.com\" width=\"26\" height=\"15\"\/><\/a><\/td>\n<\/tr>\n<tr class=\"row-13\">\n\t<td class=\"column-1\">Fili\u00e8re Sportive<\/td><td class=\"column-2\">PALARIC<\/td><td class=\"column-3\">St\u00e9phan<\/td><td class=\"column-4\"><a href=\"mailto:stephan.palaric@wanadoo.fr\"><img loading=\"lazy\" decoding=\"async\" src=\"https:\/\/tiralarcbretagne.fr\/wp-content\/uploads\/2020\/12\/enveloppe-e1607185326256.jpg\" title=\"stephan.palaric@wanadoo.fr\" width=\"26\" height=\"15\"\/><\/a><\/td>\n<\/tr>\n<tr class=\"row-14\">\n\t<td class=\"column-1\">Site<\/td><td class=\"column-2\">MICHEL<\/td><td class=\"column-3\">Fr\u00e9d\u00e9ric<\/td><td class=\"column-4\"><a href=\"mailto:frederic.michel@archers-des-avens.fr\"><img loading=\"lazy\" decoding=\"async\" src=\"https:\/\/tiralarcbretagne.fr\/wp-content\/uploads\/2020\/12\/enveloppe-e1607185326256.jpg\" title=\"frederic.michel@archers-des-avens.fr\" width=\"26\" height=\"15\"\/><\/a><\/td>\n<\/tr>\n<tr class=\"row-15\">\n\t<td class=\"column-1\">R\u00e9compenses<\/td><td class=\"column-2\">ROGUE<\/td><td class=\"column-3\">Marie-Pierre<\/td><td class=\"column-4\"><a href=\"mailto:rogue_mariepierre@orange.fr\"><img loading=\"lazy\" decoding=\"async\" src=\"https:\/\/tiralarcbretagne.fr\/wp-content\/uploads\/2020\/12\/enveloppe-e1607185326256.jpg\" title=\"rogue_mariepierre@orange.fr\" width=\"26\" height=\"15\"\/><\/a><\/td>\n<\/tr>\n<tr class=\"row-16\">\n\t<td class=\"column-1\">Comptable<\/td><td class=\"column-2\">ROGUE<\/td><td class=\"column-3\">Marie-Pierre<\/td><td class=\"column-4\"><a href=\"mailto:rogue_mariepierre@orange.fr\"><img loading=\"lazy\" decoding=\"async\" src=\"https:\/\/tiralarcbretagne.fr\/wp-content\/uploads\/2020\/12\/enveloppe-e1607185326256.jpg\" title=\"rogue_mariepierre@orange.fr\" width=\"26\" height=\"15\"\/><\/a><\/td>\n<\/tr>\n<tr class=\"row-17\">\n\t<td class=\"column-1\">Calendriers sportifs<\/td><td class=\"column-2\">LALOUER<\/td><td class=\"column-3\">Jean-Pierre<\/td><td class=\"column-4\"><a href=\"mailto:jp@lalouer.fr\"><img loading=\"lazy\" decoding=\"async\" src=\"https:\/\/tiralarcbretagne.fr\/wp-content\/uploads\/2020\/12\/enveloppe-e1607185326256.jpg\" title=\"jp@lalouer.fr\" width=\"26\" height=\"15\"\/><\/a><\/td>\n<\/tr>\n<tr class=\"row-18\">\n\t<td class=\"column-1\">R\u00e9f\u00e9rente jeunes<\/td><td class=\"column-2\">NECTOUX<\/td><td class=\"column-3\">S\u00e9gol\u00e8ne<\/td><td class=\"column-4\"><a href=\"mailto:referentjeunes@tiralarcbretagne.fr\"><img loading=\"lazy\" decoding=\"async\" src=\"https:\/\/tiralarcbretagne.fr\/wp-content\/uploads\/2020\/12\/enveloppe-e1607185326256.jpg\" title=\"referentjeunes@tiralarcbretagne.fr\" width=\"26\" height=\"15\"\/><\/a><\/td>\n<\/tr>\n<tr class=\"row-19\">\n\t<td class=\"column-1\">R\u00e9f\u00e9rent RUN ARCHERY<\/td><td class=\"column-2\">PALARIC<\/td><td class=\"column-3\">St\u00e9phan<\/td><td class=\"column-4\"><a href=\"mailto:stephan.palaric@wanadoo.fr\"><img loading=\"lazy\" decoding=\"async\" src=\"https:\/\/tiralarcbretagne.fr\/wp-content\/uploads\/2020\/12\/enveloppe-e1607185326256.jpg\" title=\"stephan.palaric@wanadoo.fr\" width=\"26\" height=\"15\"\/><\/a><\/td>\n<\/tr>\n<tr class=\"row-20\">\n\t<td class=\"column-1\">Membre<\/td><td class=\"column-2\">ANDRE<\/td><td class=\"column-3\">Philippe<\/td><td class=\"column-4\"><a href=\"mailto:tir.philippe22@gmail.com\"><img loading=\"lazy\" decoding=\"async\" src=\"https:\/\/tiralarcbretagne.fr\/wp-content\/uploads\/2020\/12\/enveloppe-e1607185326256.jpg\" title=\"tir.philippe22@gmail.com\" width=\"26\" height=\"15\"\/><\/a><\/td>\n<\/tr>\n<tr class=\"row-21\">\n\t<td class=\"column-1\">Membre<\/td><td class=\"column-2\">ANDRE<\/td><td class=\"column-3\">Sophie<\/td><td class=\"column-4\"><a href=\"mailto:sophie.b.andre@gmail.com\"><img loading=\"lazy\" decoding=\"async\" src=\"https:\/\/tiralarcbretagne.fr\/wp-content\/uploads\/2020\/12\/enveloppe-e1607185326256.jpg\" title=\"sophie.b.andre@gmail.com\" width=\"26\" height=\"15\"\/><\/a><\/td>\n<\/tr>\n<\/tbody>\n<\/table>\n<!-- #tablepress-1 from cache -->\n\n\n\n<table id=\"tablepress-2\" class=\"tablepress tablepress-id-2\">\n<thead>\n<tr class=\"row-1\">\n\t<th class=\"column-1\">Commissions<\/th><th class=\"column-2\">Membres<\/th>\n<\/tr>\n<\/thead>\n<tbody class=\"row-striping\">\n<tr class=\"row-2\">\n\t<td class=\"column-1\"><div align=\"left\">Commission Administrative<\/div><\/td><td class=\"column-2\"><div align=\"left\">Virginie DAVID et Gis\u00e8le DAVID<\/div><\/td>\n<\/tr>\n<tr class=\"row-3\">\n\t<td class=\"column-1\"><div align=\"left\">Commission Arbitres<\/div><\/td><td class=\"column-2\"><div align=\"left\">Pr\u00e9sidente : Marie-Pierre ROGUE (PCRA)<br \/>\nMembres : Michel ROGUE, Gis\u00e8le DAVID, Fr\u00e9d\u00e9ric MICHEL, Sophie ANDRE, Philippe ANDRE, Jean-Pierre LALOUER (CSR) et Yann BRIAND (m\u00e9decin) <\/div><\/td>\n<\/tr>\n<tr class=\"row-4\">\n\t<td class=\"column-1\"><div align=\"left\">Commission Formation<\/div><\/td><td class=\"column-2\"><div align=\"left\">Pr\u00e9sident : Michel ROGUE<br \/>\nMembres :  Gis\u00e8le DAVID et Sophie ANDRE<\/div><\/td>\n<\/tr>\n<tr class=\"row-5\">\n\t<td class=\"column-1\"><div align=\"left\">Commission Sportive<\/div><\/td><td class=\"column-2\"><div align=\"left\">Pr\u00e9sident : Jean-Pierre LALOUER<br \/>\nMembres :  Michel ROGUE, Gis\u00e8le DAVID, S\u00e9gol\u00e8ne NECTOUX (r\u00e9f\u00e9rente JEUNES), St\u00e9phan PALARIC (R\u00e9f\u00e9rent RUN ARCHERY), Lise HOGUIN, Marie-Pierre ROGUE (PCRA) et Yann BRIAND (m\u00e9decin)<\/div><\/td>\n<\/tr>\n<tr class=\"row-6\">\n\t<td class=\"column-1\"><div align=\"left\">Commission Communication<\/div><\/td><td class=\"column-2\"><div align=\"left\">Pr\u00e9sident : Philippe ANDRE<br \/>\nMembres : Michel ROGUE, Gis\u00e8le DAVID et Fr\u00e9d\u00e9ric MICHEL<br \/>\n<\/div><\/td>\n<\/tr>\n<tr class=\"row-7\">\n\t<td class=\"column-1\"><div align=\"left\">Commission \u00c9lectorale<\/div><\/td><td class=\"column-2\"><div align=\"left\">Pr\u00e9sident : Aymeric SICARD<br \/>\nMembres : Sylvie BRIARD, Micka\u00ebl LE DUC et Fr\u00e9d\u00e9ric HALLEZ<\/div><\/td>\n<\/tr>\n<tr class=\"row-8\">\n\t<td class=\"column-1\"><div align=\"left\">Commission Structuration et Labellisation<\/div><\/td><td class=\"column-2\"><div align=\"left\">Pr\u00e9sidente : Lise HOGUIN<br \/>\nMembres : Michel ROGUE, Gis\u00e8le DAVID, Jean-Pierre LALOUER (CSR) et Marie-Pierre ROGUE (PCRA)<\/div><\/td>\n<\/tr>\n<tr class=\"row-9\">\n\t<td class=\"column-1\"><div align=\"left\">Commission M\u00e9dicale<\/div><\/td><td class=\"column-2\"><div align=\"left\">M\u00e9decin : Yann BRIAND<br \/>\nMembres : Michel ROGUE et Gis\u00e8le DAVID<\/div><\/td>\n<\/tr>\n<tr class=\"row-10\">\n\t<td class=\"column-1\"><div align=\"left\">Calendriers sportifs<\/div><\/td><td class=\"column-2\"><div align=\"left\">Jean-Pierre LALOUER (CSR) et Marie-Pierre ROGUE (PCRA)<\/div><\/td>\n<\/tr>\n<tr class=\"row-11\">\n\t<td class=\"column-1\"><div align=\"left\">Commission disciplinaire<\/div><\/td><td class=\"column-2\"><div align=\"left\">Pr\u00e9sident : Didier SANS<br \/>\nMembres : Marc PORTANGUEN, Arnaud SALIGAUT, Jean-Jacques UHEL, Fran\u00e7ois LECOMTE<br \/>\nEnqu\u00eatrice : Magali PERROT<\/div><\/td>\n<\/tr>\n<\/tbody>\n<\/table>\n<!-- #tablepress-2 from cache -->\n\n\n\n<table id=\"tablepress-5\" class=\"tablepress tablepress-id-5\">\n<thead>\n<tr class=\"row-1\">\n\t<th colspan=\"3\" class=\"column-1\">M\u00e9decin Agr\u00e9\u00e9 FFTA<\/th>\n<\/tr>\n<\/thead>\n<tbody class=\"row-striping\">\n<tr class=\"row-2\">\n\t<td class=\"column-1\">Dr BRIAND Yann<\/td><td class=\"column-2\">PLOURIN-LES-MORLAIX<\/td><td class=\"column-3\">06 76 56 36 51<\/td>\n<\/tr>\n<\/tbody>\n<\/table>\n<!-- #tablepress-5 from cache -->\n\n\n\n<table id=\"tablepress-3\" class=\"tablepress tablepress-id-3\">\n<thead>\n<tr class=\"row-1\">\n\t<th colspan=\"5\" class=\"column-1\">Pr\u00e9sidents des comit\u00e9s d\u00e9partementaux<\/th>\n<\/tr>\n<\/thead>\n<tbody class=\"row-striping\">\n<tr class=\"row-2\">\n\t<td class=\"column-1\">CD22<\/td><td class=\"column-2\">DUPONT<\/td><td class=\"column-3\">J\u00e9r\u00e9my<\/td><td class=\"column-4\"><a href=\"mailto:president.cd22tiralarc@gmail.com\"><img loading=\"lazy\" decoding=\"async\" src=\"https:\/\/tiralarcbretagne.fr\/wp-content\/uploads\/2020\/12\/enveloppe-e1607185326256.jpg\" title=\"president.cd22tiralarc@gmail.com\" width=\"26\" height=\"15\"\/><\/a><\/td><td class=\"column-5\"><a href=\"https:\/\/www.cd22tiralarc.fr\" target=\"_blank\" rel=\"noopener\"><img loading=\"lazy\" decoding=\"async\" src=\"https:\/\/tiralarcbretagne.fr\/wp-content\/uploads\/2021\/05\/Site-web.png\" title=\"https:\/\/www.cd22tiralarc.fr\" width=\"27\" height=\"25\"\/><\/a><\/td>\n<\/tr>\n<tr class=\"row-3\">\n\t<td class=\"column-1\">CD29<\/td><td class=\"column-2\">BOTHOREL<\/td><td class=\"column-3\">Tony<\/td><td class=\"column-4\"><a href=\"mailto:tony.bothorel@laposte.net\"><img loading=\"lazy\" decoding=\"async\" src=\"https:\/\/tiralarcbretagne.fr\/wp-content\/uploads\/2020\/12\/enveloppe-e1607185326256.jpg\" title=\"tony.bothorel@laposte.net\" width=\"26\" height=\"15\"\/><\/a><\/td><td class=\"column-5\"><a href=\"https:\/\/www.cd29tiralarc.fr\/\" target=\"_blank\" rel=\"noopener\"><img loading=\"lazy\" decoding=\"async\" src=\"https:\/\/tiralarcbretagne.fr\/wp-content\/uploads\/2021\/05\/Site-web.png\" title=\"https:\/\/www.cd29tiralarc.fr\/\" width=\"27\" height=\"25\"\/><\/a><\/td>\n<\/tr>\n<tr class=\"row-4\">\n\t<td class=\"column-1\">CD35<\/td><td class=\"column-2\">DEMELIN<\/td><td class=\"column-3\">Bruno<\/td><td class=\"column-4\"><a href=\"mailto:president@cd35tiralarc.com\"><img loading=\"lazy\" decoding=\"async\" src=\"https:\/\/tiralarcbretagne.fr\/wp-content\/uploads\/2020\/12\/enveloppe-e1607185326256.jpg\" title=\"president@cd35tiralarc.com\" width=\"26\" height=\"15\"\/><\/a><\/td><td class=\"column-5\"><a href=\"https:\/\/www.cd35tiralarc.com\/\" target=\"_blank\" rel=\"noopener\"><img loading=\"lazy\" decoding=\"async\" src=\"https:\/\/tiralarcbretagne.fr\/wp-content\/uploads\/2021\/05\/Site-web.png\" title=\"https:\/\/www.cd35tiralarc.com\/\" width=\"27\" height=\"25\"\/><\/a><\/td>\n<\/tr>\n<tr class=\"row-5\">\n\t<td class=\"column-1\">CD56<\/td><td class=\"column-2\">SICARD<\/td><td class=\"column-3\">Aymeric<\/td><td class=\"column-4\"><a href=\"mailto:cd56tiralarc@gmail.com\"><img loading=\"lazy\" decoding=\"async\" src=\"https:\/\/tiralarcbretagne.fr\/wp-content\/uploads\/2020\/12\/enveloppe-e1607185326256.jpg\" title=\"cd56tiralarc@gmail.com\" width=\"26\" height=\"15\"\/><\/a><\/td><td class=\"column-5\"><a href=\"https:\/\/cdarchers56.sportsregions.fr\/\" target=\"_blank\" rel=\"noopener\"><img loading=\"lazy\" decoding=\"async\" src=\"https:\/\/tiralarcbretagne.fr\/wp-content\/uploads\/2021\/05\/Site-web.png\" title=\"https:\/\/cdarchers56.sportsregions.fr\/\" width=\"27\" height=\"25\"\/><\/a><\/td>\n<\/tr>\n<\/tbody>\n<\/table>\n<!-- #tablepress-3 from cache -->\n","protected":false},"excerpt":{"rendered":"","protected":false},"author":1,"featured_media":0,"parent":362,"menu_order":0,"comment_status":"closed","ping_status":"closed","template":"","meta":{"footnotes":""},"class_list":["post-364","page","type-page","status-publish","hentry"],"_links":{"self":[{"href":"https:\/\/tiralarcbretagne.fr\/index.php?rest_route=\/wp\/v2\/pages\/364","targetHints":{"allow":["GET"]}}],"collection":[{"href":"https:\/\/tiralarcbretagne.fr\/index.php?rest_route=\/wp\/v2\/pages"}],"about":[{"href":"https:\/\/tiralarcbretagne.fr\/index.php?rest_route=\/wp\/v2\/types\/page"}],"author":[{"embeddable":true,"href":"https:\/\/tiralarcbretagne.fr\/index.php?rest_route=\/wp\/v2\/users\/1"}],"replies":[{"embeddable":true,"href":"https:\/\/tiralarcbretagne.fr\/index.php?rest_route=%2Fwp%2Fv2%2Fcomments&post=364"}],"version-history":[{"count":2,"href":"https:\/\/tiralarcbretagne.fr\/index.php?rest_route=\/wp\/v2\/pages\/364\/revisions"}],"predecessor-version":[{"id":10752,"href":"https:\/\/tiralarcbretagne.fr\/index.php?rest_route=\/wp\/v2\/pages\/364\/revisions\/10752"}],"up":[{"embeddable":true,"href":"https:\/\/tiralarcbretagne.fr\/index.php?rest_route=\/wp\/v2\/pages\/362"}],"wp:attachment":[{"href":"https:\/\/tiralarcbretagne.fr\/index.php?rest_route=%2Fwp%2Fv2%2Fmedia&parent=364"}],"curies":[{"name":"wp","href":"https:\/\/api.w.org\/{rel}","templated":true}]}}